{"id":97,"date":"2024-06-28T12:33:21","date_gmt":"2024-06-28T15:33:21","guid":{"rendered":"https:\/\/scmforwarder.com\/?page_id=97"},"modified":"2025-09-11T16:37:18","modified_gmt":"2025-09-11T19:37:18","slug":"nosotros","status":"publish","type":"page","link":"https:\/\/scmforwarder.com\/en\/nosotros\/","title":{"rendered":"About us"},"content":{"rendered":"<p>[et_pb_section fb_built=&#8221;1&#8243; admin_label=&#8221;About&#8221; _builder_version=&#8221;4.25.2&#8243; _module_preset=&#8221;default&#8221; background_color=&#8221;#FFFFFF&#8221; locked=&#8221;off&#8221; collapsed=&#8221;on&#8221; global_colors_info=&#8221;{}&#8221;][et_pb_row column_structure=&#8221;1_2,1_2&#8243; make_equal=&#8221;on&#8221; _builder_version=&#8221;4.27.4&#8243; _module_preset=&#8221;default&#8221; hover_enabled=&#8221;0&#8243; global_colors_info=&#8221;{}&#8221; sticky_enabled=&#8221;0&#8243;][et_pb_column type=&#8221;1_2&#8243; _builder_version=&#8221;4.22.1&#8243; _module_preset=&#8221;default&#8221; custom_padding=&#8221;60px||60px||true|false&#8221; custom_padding_tablet=&#8221;0px||0px||true|false&#8221; custom_padding_phone=&#8221;0px||0px||true|false&#8221; custom_padding_last_edited=&#8221;on|desktop&#8221; global_colors_info=&#8221;{}&#8221;][et_pb_text _builder_version=&#8221;4.25.2&#8243; _module_preset=&#8221;85e27605-4959-4494-927d-467a97810ca4&#8243; header_4_text_color=&#8221;gcid-afa30cf2-6f5d-4b9c-aa39-7dbe1ac3b7a3&#8243; global_colors_info=&#8221;{%22gcid-afa30cf2-6f5d-4b9c-aa39-7dbe1ac3b7a3%22:%91%22header_4_text_color%22%93}&#8221;]<\/p>\n<h4>SCM Freight Forwarder<\/h4>\n<p>[\/et_pb_text][et_pb_text _builder_version=&#8221;4.27.4&#8243; _module_preset=&#8221;b2bc2bfd-82a3-4b95-834b-db16b550c985&#8243; text_text_color=&#8221;#2d2550&#8243; global_colors_info=&#8221;{}&#8221;]<\/p>\n<p data-start=\"151\" data-end=\"382\">En <strong data-start=\"154\" data-end=\"179\">SCM Freight Forwarder<\/strong> conectamos tu carga con el mundo. Ofrecemos soluciones completas en transporte mar\u00edtimo, a\u00e9reo y terrestre, adem\u00e1s de gesti\u00f3n aduanera eficiente y herramientas digitales para simplificar cada operaci\u00f3n.<\/p>\n<p data-start=\"384\" data-end=\"557\">Con presencia en <strong data-start=\"401\" data-end=\"442\">Chile, Estados Unidos, Per\u00fa y Ecuador<\/strong>, operamos con licencias oficiales de cada pa\u00eds que garantizan seguridad y cumplimiento en cada env\u00edo.<\/p>\n<p data-start=\"559\" data-end=\"675\">Ya sea que exportes desde Sudam\u00e9rica o importes hacia EE.UU., somos tu socio estrat\u00e9gico en log\u00edstica internacional.<\/p>\n<p data-start=\"677\" data-end=\"742\"><strong data-start=\"677\" data-end=\"742\">SCM Freight Forwarder \u2014 log\u00edstica inteligente, sin fronteras.<\/strong><\/p>\n<p>[\/et_pb_text][\/et_pb_column][et_pb_column type=&#8221;1_2&#8243; _builder_version=&#8221;4.27.4&#8243; _module_preset=&#8221;default&#8221; background_image=&#8221;https:\/\/scmforwarder.com\/wp-content\/uploads\/2025\/09\/SCM-nosotros2.jpg&#8221; hover_enabled=&#8221;0&#8243; global_colors_info=&#8221;{}&#8221; title_text=&#8221;SCM-nosotros(2)&#8221; sticky_enabled=&#8221;0&#8243;][et_pb_divider show_divider=&#8221;off&#8221; _builder_version=&#8221;4.22.1&#8243; _module_preset=&#8221;default&#8221; height_tablet=&#8221;50vw&#8221; height_phone=&#8221;50vw&#8221; height_last_edited=&#8221;on|tablet&#8221; global_colors_info=&#8221;{}&#8221;][\/et_pb_divider][\/et_pb_column][\/et_pb_row][\/et_pb_section][et_pb_section fb_built=&#8221;1&#8243; admin_label=&#8221;Mission &#038; Vision&#8221; _builder_version=&#8221;4.25.2&#8243; _module_preset=&#8221;default&#8221; background_color=&#8221;#157682&#8243; collapsed=&#8221;on&#8221; global_colors_info=&#8221;{}&#8221;][et_pb_row column_structure=&#8221;1_2,1_2&#8243; _builder_version=&#8221;4.22.1&#8243; _module_preset=&#8221;default&#8221; global_colors_info=&#8221;{}&#8221;][et_pb_column type=&#8221;1_2&#8243; _builder_version=&#8221;4.22.1&#8243; _module_preset=&#8221;default&#8221; global_colors_info=&#8221;{}&#8221;][et_pb_text _builder_version=&#8221;4.25.2&#8243; _module_preset=&#8221;c3bdad2a-de2e-4e63-a1a0-1686caa99a10&#8243; header_3_text_color=&#8221;#FFFFFF&#8221; custom_margin=&#8221;||10px||false|false&#8221; global_colors_info=&#8221;{}&#8221;]<\/p>\n<h3>Nuestra Misi\u00f3n<\/h3>\n<p>[\/et_pb_text][et_pb_text _builder_version=&#8221;4.25.2&#8243; _module_preset=&#8221;b2bc2bfd-82a3-4b95-834b-db16b550c985&#8243; text_text_color=&#8221;#FFFFFF&#8221; global_colors_info=&#8221;{}&#8221;]<\/p>\n<p><span>Nuestro objetivo principal es proveer un servicio especializado, confiable y seguro en todas las condiciones de transporte, la versatilidad es nuestro principal componente ya que adaptamos nuestra propuesta de servicio a sus necesidades individuales, conociendo y entendiendo lo que es importante para Usted, ahorr\u00e1ndoles tiempo y dinero en sus operaciones de Comercio Exterior.<\/span><\/p>\n<p>[\/et_pb_text][\/et_pb_column][et_pb_column type=&#8221;1_2&#8243; _builder_version=&#8221;4.22.1&#8243; _module_preset=&#8221;default&#8221; global_colors_info=&#8221;{}&#8221;][et_pb_text _builder_version=&#8221;4.25.2&#8243; _module_preset=&#8221;c3bdad2a-de2e-4e63-a1a0-1686caa99a10&#8243; header_3_text_color=&#8221;#FFFFFF&#8221; custom_margin=&#8221;||10px||false|false&#8221; global_colors_info=&#8221;{}&#8221;]<\/p>\n<h3>Nuestra Visi\u00f3n<\/h3>\n<p>[\/et_pb_text][et_pb_text _builder_version=&#8221;4.25.2&#8243; _module_preset=&#8221;b2bc2bfd-82a3-4b95-834b-db16b550c985&#8243; text_text_color=&#8221;#FFFFFF&#8221; global_colors_info=&#8221;{}&#8221;]<\/p>\n<p>\u201cNo hay comercio sin transporte\u201d<\/p>\n<p>SCM Forwarder percibe el gran beneficio que trae consigo el Comercio Internacional, es por ello que nosotros queremos ser su primera opci\u00f3n cuando se hable de movilizaci\u00f3n y log\u00edstica de bienes.<\/p>\n<p>[\/et_pb_text][\/et_pb_column][\/et_pb_row][\/et_pb_section][et_pb_section fb_built=&#8221;1&#8243; admin_label=&#8221;Project&#8221; _builder_version=&#8221;4.25.2&#8243; _module_preset=&#8221;default&#8221; background_color=&#8221;#2d2550&#8243; use_background_color_gradient=&#8221;on&#8221; background_color_gradient_stops=&#8221;#100d1c 0%|rgba(0,0,0,0) 50%|#000000 100%&#8221; background_color_gradient_overlays_image=&#8221;on&#8221; background_image=&#8221;https:\/\/scmforwarder.com\/wp-content\/uploads\/2024\/06\/augmented-reality-illustration-test.png&#8221; parallax=&#8221;on&#8221; custom_padding=&#8221;8vw||16vw||false|false&#8221; collapsed=&#8221;on&#8221; global_colors_info=&#8221;{}&#8221;][et_pb_row column_structure=&#8221;1_2,1_2&#8243; _builder_version=&#8221;4.24.2&#8243; _module_preset=&#8221;default&#8221; global_colors_info=&#8221;{}&#8221;][et_pb_column type=&#8221;1_2&#8243; _builder_version=&#8221;4.22.1&#8243; _module_preset=&#8221;default&#8221; global_colors_info=&#8221;{}&#8221;][et_pb_text _builder_version=&#8221;4.25.2&#8243; _module_preset=&#8221;58d91919-7703-4271-8a9e-904764847a8d&#8221; header_2_text_color=&#8221;#FFFFFF&#8221; custom_margin=&#8221;||10px||false|false&#8221; global_colors_info=&#8221;{}&#8221;]<\/p>\n<h2><span>\u00a1Bienvenido a SCM Freight Forwarder, tu socio estrat\u00e9gico en la gesti\u00f3n integral de la cadena de suministro!<\/span><\/h2>\n<p>[\/et_pb_text][et_pb_text _builder_version=&#8221;4.25.2&#8243; _module_preset=&#8221;9f4e7219-4a9f-458b-9a2c-15da8163512d&#8221; header_4_text_color=&#8221;#ffffff&#8221; custom_margin=&#8221;||10px||false|false&#8221; global_colors_info=&#8221;{}&#8221;]<\/p>\n<h4><span>Nuestra Especializaci\u00f3n:<\/span><\/h4>\n<p>[\/et_pb_text][et_pb_text _builder_version=&#8221;4.25.2&#8243; _module_preset=&#8221;853f5d4f-9478-42dc-8f41-3f99f0ac969f&#8221; text_text_color=&#8221;#FFFFFF&#8221; global_colors_info=&#8221;{}&#8221;]<\/p>\n<p>En SCM, nos especializamos en ofrecer servicios de transporte de carga de primer nivel, adaptados para satisfacer las necesidades din\u00e1micas de las empresas modernas. Con un enfoque especial en la Gesti\u00f3n de la Cadena de Suministro (SCM), nos aseguramos de que tu carga se mueva de manera eficiente y llegue a su destino con precisi\u00f3n.<\/p>\n<p>[\/et_pb_text][et_pb_text _builder_version=&#8221;4.25.2&#8243; _module_preset=&#8221;9f4e7219-4a9f-458b-9a2c-15da8163512d&#8221; header_4_text_color=&#8221;#FFFFFF&#8221; custom_margin=&#8221;||10px||false|false&#8221; global_colors_info=&#8221;{}&#8221;]<\/p>\n<h4><span>\u00bfPor Qu\u00e9 Elegir a SCM?<\/span><\/h4>\n<p>[\/et_pb_text][et_pb_text _builder_version=&#8221;4.25.2&#8243; _module_preset=&#8221;853f5d4f-9478-42dc-8f41-3f99f0ac969f&#8221; text_text_color=&#8221;#FFFFFF&#8221; global_colors_info=&#8221;{}&#8221;]<\/p>\n<p>Navega con confianza por las complejidades del comercio internacional. Contamos con una amplia red que abarca todo el globo.<\/p>\n<p>[\/et_pb_text][et_pb_text _builder_version=&#8221;4.25.2&#8243; _module_preset=&#8221;9f4e7219-4a9f-458b-9a2c-15da8163512d&#8221; header_4_text_color=&#8221;#FFFFFF&#8221; custom_margin=&#8221;||10px||false|false&#8221; global_colors_info=&#8221;{}&#8221;]<\/p>\n<h4><span>Innovaci\u00f3n:<\/span><\/h4>\n<p>[\/et_pb_text][et_pb_text _builder_version=&#8221;4.25.2&#8243; _module_preset=&#8221;853f5d4f-9478-42dc-8f41-3f99f0ac969f&#8221; text_text_color=&#8221;#FFFFFF&#8221; global_colors_info=&#8221;{}&#8221;]<\/p>\n<p><span>Mantente a la vanguardia de la industria con nuestras soluciones innovadoras, utilizando tecnolog\u00eda de \u00faltima generaci\u00f3n para una eficiencia \u00f3ptima.<\/span><\/p>\n<p>[\/et_pb_text][et_pb_text _builder_version=&#8221;4.25.2&#8243; _module_preset=&#8221;9f4e7219-4a9f-458b-9a2c-15da8163512d&#8221; header_4_text_color=&#8221;#FFFFFF&#8221; custom_margin=&#8221;||10px||false|false&#8221; global_colors_info=&#8221;{}&#8221;]<\/p>\n<h4><span>Confianza:<\/span><\/h4>\n<p>[\/et_pb_text][et_pb_text _builder_version=&#8221;4.25.2&#8243; _module_preset=&#8221;853f5d4f-9478-42dc-8f41-3f99f0ac969f&#8221; text_text_color=&#8221;#FFFFFF&#8221; global_colors_info=&#8221;{}&#8221;]<\/p>\n<p><span>La confianza es la columna vertebral de nuestras operaciones. Conf\u00eda en nosotros para el transporte oportuno y seguro de tus mercanc\u00edas.<\/span><\/p>\n<p>[\/et_pb_text][et_pb_text _builder_version=&#8221;4.25.2&#8243; _module_preset=&#8221;9f4e7219-4a9f-458b-9a2c-15da8163512d&#8221; header_4_text_color=&#8221;#FFFFFF&#8221; custom_margin=&#8221;||10px||false|false&#8221; global_colors_info=&#8221;{}&#8221;]<\/p>\n<h4><span>Nuestra Promesa:<\/span><\/h4>\n<p>[\/et_pb_text][et_pb_text _builder_version=&#8221;4.25.2&#8243; _module_preset=&#8221;853f5d4f-9478-42dc-8f41-3f99f0ac969f&#8221; text_text_color=&#8221;#FFFFFF&#8221; global_colors_info=&#8221;{}&#8221;]<\/p>\n<p>Como tu socio confiable en SCM, nos comprometemos a ofrecer soluciones de transporte de carga confiables, transparentes y rentables. Experimenta un flujo sin problemas de mercanc\u00edas, una visibilidad mejorada y una asociaci\u00f3n dedicada a tu \u00e9xito.<\/p>\n<p>Elige SCM Freight Forwarder, donde tus log\u00edsticas encuentran la excelencia.<\/p>\n<p>[\/et_pb_text][\/et_pb_column][et_pb_column type=&#8221;1_2&#8243; _builder_version=&#8221;4.22.1&#8243; _module_preset=&#8221;default&#8221; global_colors_info=&#8221;{}&#8221;][\/et_pb_column][\/et_pb_row][\/et_pb_section]<\/p>\n","protected":false},"excerpt":{"rendered":"<p>SCM Freight ForwarderEn SCM Freight Forwarder conectamos tu carga con el mundo. Ofrecemos soluciones completas en transporte mar\u00edtimo, a\u00e9reo y terrestre, adem\u00e1s de gesti\u00f3n aduanera eficiente y herramientas digitales para simplificar cada operaci\u00f3n. Con presencia en Chile, Estados Unidos, Per\u00fa y Ecuador, operamos con licencias oficiales de cada pa\u00eds que garantizan seguridad y cumplimiento en [&hellip;]<\/p>\n","protected":false},"author":1,"featured_media":0,"parent":0,"menu_order":0,"comment_status":"closed","ping_status":"closed","template":"","meta":{"_et_pb_use_builder":"on","_et_pb_old_content":"","_et_gb_content_width":"","footnotes":""},"class_list":["post-97","page","type-page","status-publish","hentry"],"_links":{"self":[{"href":"https:\/\/scmforwarder.com\/en\/wp-json\/wp\/v2\/pages\/97","targetHints":{"allow":["GET"]}}],"collection":[{"href":"https:\/\/scmforwarder.com\/en\/wp-json\/wp\/v2\/pages"}],"about":[{"href":"https:\/\/scmforwarder.com\/en\/wp-json\/wp\/v2\/types\/page"}],"author":[{"embeddable":true,"href":"https:\/\/scmforwarder.com\/en\/wp-json\/wp\/v2\/users\/1"}],"replies":[{"embeddable":true,"href":"https:\/\/scmforwarder.com\/en\/wp-json\/wp\/v2\/comments?post=97"}],"version-history":[{"count":22,"href":"https:\/\/scmforwarder.com\/en\/wp-json\/wp\/v2\/pages\/97\/revisions"}],"predecessor-version":[{"id":296,"href":"https:\/\/scmforwarder.com\/en\/wp-json\/wp\/v2\/pages\/97\/revisions\/296"}],"wp:attachment":[{"href":"https:\/\/scmforwarder.com\/en\/wp-json\/wp\/v2\/media?parent=97"}],"curies":[{"name":"wp","href":"https:\/\/api.w.org\/{rel}","templated":true}]}}